{"id":436,"date":"2018-11-27T09:17:28","date_gmt":"2018-11-27T09:17:28","guid":{"rendered":"https:\/\/innovaconcreto.com.mx\/index.php\/services\/"},"modified":"2024-02-18T01:19:02","modified_gmt":"2024-02-18T01:19:02","slug":"servicios","status":"publish","type":"page","link":"https:\/\/innovaconcreto.com.mx\/index.php\/servicios\/","title":{"rendered":"Servicios"},"content":{"rendered":"\n\n\t<h1>\n\t\t\t\t\tServicios\n\t\t\t\t<\/h1>\n\t<h2>\n\t\t\t\t\tCONOCE NUESTROS SERVICIOS\n\t\t\t\t<\/h2>\n\t\t\t<p>Te explicamos a detalle cada aspecto de nuestro trabajo.<\/p>\n\t\t\t\t<img decoding=\"async\" src=\"https:\/\/innovaconcreto.com.mx\/wp-content\/uploads\/2023\/11\/altaresistencia_IC_01.png\" alt=\"altaresistencia_IC_01\" itemprop=\"image\"\/>\n\t<h5>\n\t\t\t\t\tPisos de Concreto Industrial\n\t\t\t\t<\/h5>\n\t\t\t<p>Son superficies planas y de excelente durabilidad, de uso rudo y capaces de soportar tr\u00e1fico intenso de carga; su principal aplicaci\u00f3n es en naves para uso industrial.<\/p>\n\t\t\t\t<img decoding=\"async\" src=\"https:\/\/innovaconcreto.com.mx\/wp-content\/uploads\/2023\/11\/piso_pulido_IC_01.png\" alt=\"piso_pulido_IC_01\" itemprop=\"image\"\/>\n\t<h5>\n\t\t\t\t\tDesbaste, Pulido y Abrillantado\n\t\t\t\t<\/h5>\n\t\t\t<p>Proceso posterior al concreto pulido, para generar una superficie tersa muy vistosa. Exhibe sus agregados interiores, as\u00ed como su parte mas solida, d\u00e1ndole una bella apariencia; son pisos de bajo mantenimiento.<\/p>\n\t\t\t\t<img decoding=\"async\" src=\"https:\/\/innovaconcreto.com.mx\/wp-content\/uploads\/2023\/11\/piso_estampado_IC_01.png\" alt=\"piso_estampado_IC_01\" itemprop=\"image\"\/>\n\t<h5>\n\t\t\t\t\tConcreto Estampado\n\t\t\t\t<\/h5>\n\t\t\t<p>Acabados que elevan su valor est\u00e9tico, ya que sobresalen por sus dise\u00f1os con diferentes texturas, dise\u00f1os y colores. Resistentes al desgaste e intemperie, de excelente apariencia natural<\/p>\n\t\t\t\t<img decoding=\"async\" src=\"https:\/\/innovaconcreto.com.mx\/wp-content\/uploads\/2024\/02\/sistema_oxidacion001a.jpg\" alt=\"sistema_oxidacion001a\" itemprop=\"image\"\/>\n\t<h5>\n\t\t\t\t\tSistemas de Oxidaci\u00f3n\n\t\t\t\t<\/h5>\n\t\t\t<p>Concretos tratados con agentes qu\u00edmicos que dan un toque elegante y profundo. Utilizados para dise\u00f1os innovadores, donde se busque contrastar lo moderno con lo natural.<\/p>\n\t<h4>\n\t\t\t\t\tTrabajo de Calidad Garantizada\n\t\t\t\t<\/h4>\n\t\t\t<p>Nos aseguramos de que tengas el trabajo ideal conforme a tu presupuesto.<\/p>\n\t<ul>\n\t\t<li>\t\t\t\t\n\t\t<h5> Experiencia para optimizar tus recursos.<\/h5><\/li><li>\t\t\t\t\n\t\t<h5>Rapidez de respuesta.<\/h5><\/li><li>\t\t\t\t\n\t\t<h5>Instalaci\u00f3n por profesionales.<\/h5><\/li>\t<\/ul>\n\t<h4>\n\t\t\t\t\tProyectos Especiales\n\t\t\t\t<\/h4>\n\t\t\t<p>\u00bfDeseas cotizar alg\u00fan proyecto especial?<\/p>\n\t<ul>\n\t\t<li>\t\t\t\t\n\t\t<h5>Primero conocemos tus necesidades.<\/h5><\/li><li>\t\t\t\t\n\t\t<h5>Proponemos una soluci\u00f3n adecuada.<\/h5><\/li><li>\t\t\t\t\n\t\t<h5>Ejecutamos conforme a tus tiempos.<\/h5><\/li>\t<\/ul>\n\n","protected":false},"excerpt":{"rendered":"<p>Servicios CONOCE NUESTROS SERVICIOS Te explicamos a detalle cada aspecto de nuestro trabajo. Pisos de Concreto Industrial Son superficies planas y de excelente durabilidad, de uso rudo y capaces de soportar tr\u00e1fico intenso de carga; su principal aplicaci\u00f3n es en naves para uso industrial. Desbaste, Pulido y Abrillantado Proceso posterior al concreto pulido, para generar [&hellip;]<\/p>\n","protected":false},"author":1,"featured_media":0,"parent":0,"menu_order":0,"comment_status":"closed","ping_status":"closed","template":"","meta":{"site-sidebar-layout":"no-sidebar","site-content-layout":"page-builder","ast-site-content-layout":"default","site-content-style":"default","site-sidebar-style":"default","ast-global-header-display":"","ast-banner-title-visibility":"","ast-main-header-display":"","ast-hfb-above-header-display":"","ast-hfb-below-header-display":"","ast-hfb-mobile-header-display":"","site-post-title":"disabled","ast-breadcrumbs-content":"","ast-featured-img":"disabled","footer-sml-layout":"","ast-disable-related-posts":"","theme-transparent-header-meta":"enabled","adv-header-id-meta":"","stick-header-meta":"","header-above-stick-meta":"","header-main-stick-meta":"","header-below-stick-meta":"","astra-migrate-meta-layouts":"default","ast-page-background-enabled":"default","ast-page-background-meta":{"desktop":{"background-color":"","background-image":"","background-repeat":"repeat","background-position":"center center","background-size":"auto","background-attachment":"scroll","background-type":"","background-media":"","overlay-type":"","overlay-color":"","overlay-opacity":"","overlay-gradient":""},"tablet":{"background-color":"","background-image":"","background-repeat":"repeat","background-position":"center center","background-size":"auto","background-attachment":"scroll","background-type":"","background-media":"","overlay-type":"","overlay-color":"","overlay-opacity":"","overlay-gradient":""},"mobile":{"background-color":"","background-image":"","background-repeat":"repeat","background-position":"center center","background-size":"auto","background-attachment":"scroll","background-type":"","background-media":"","overlay-type":"","overlay-color":"","overlay-opacity":"","overlay-gradient":""}},"ast-content-background-meta":{"desktop":{"background-color":"var(--ast-global-color-5)","background-image":"","background-repeat":"repeat","background-position":"center center","background-size":"auto","background-attachment":"scroll","background-type":"","background-media":"","overlay-type":"","overlay-color":"","overlay-opacity":"","overlay-gradient":""},"tablet":{"background-color":"var(--ast-global-color-5)","background-image":"","background-repeat":"repeat","background-position":"center center","background-size":"auto","background-attachment":"scroll","background-type":"","background-media":"","overlay-type":"","overlay-color":"","overlay-opacity":"","overlay-gradient":""},"mobile":{"background-color":"var(--ast-global-color-5)","background-image":"","background-repeat":"repeat","background-position":"center center","background-size":"auto","background-attachment":"scroll","background-type":"","background-media":"","overlay-type":"","overlay-color":"","overlay-opacity":"","overlay-gradient":""}},"footnotes":""},"class_list":["post-436","page","type-page","status-publish","hentry"],"_links":{"self":[{"href":"https:\/\/innovaconcreto.com.mx\/index.php\/wp-json\/wp\/v2\/pages\/436","targetHints":{"allow":["GET"]}}],"collection":[{"href":"https:\/\/innovaconcreto.com.mx\/index.php\/wp-json\/wp\/v2\/pages"}],"about":[{"href":"https:\/\/innovaconcreto.com.mx\/index.php\/wp-json\/wp\/v2\/types\/page"}],"author":[{"embeddable":true,"href":"https:\/\/innovaconcreto.com.mx\/index.php\/wp-json\/wp\/v2\/users\/1"}],"replies":[{"embeddable":true,"href":"https:\/\/innovaconcreto.com.mx\/index.php\/wp-json\/wp\/v2\/comments?post=436"}],"version-history":[{"count":6,"href":"https:\/\/innovaconcreto.com.mx\/index.php\/wp-json\/wp\/v2\/pages\/436\/revisions"}],"predecessor-version":[{"id":541,"href":"https:\/\/innovaconcreto.com.mx\/index.php\/wp-json\/wp\/v2\/pages\/436\/revisions\/541"}],"wp:attachment":[{"href":"https:\/\/innovaconcreto.com.mx\/index.php\/wp-json\/wp\/v2\/media?parent=436"}],"curies":[{"name":"wp","href":"https:\/\/api.w.org\/{rel}","templated":true}]}}