{"id":435,"date":"2018-11-27T09:17:08","date_gmt":"2018-11-27T09:17:08","guid":{"rendered":"https:\/\/innovaconcreto.com.mx\/index.php\/about\/"},"modified":"2024-07-10T00:15:22","modified_gmt":"2024-07-10T00:15:22","slug":"nosotros","status":"publish","type":"page","link":"https:\/\/innovaconcreto.com.mx\/index.php\/nosotros\/","title":{"rendered":"Nosotros"},"content":{"rendered":"\n\n\t<h1>\n\t\t\t\t\t\u00bfQui\u00e9nes somos?\n\t\t\t\t<\/h1>\n\t\t\t<p>Especialistas en instalaci\u00f3n profesional de pisos de concreto.<\/p>\n\t<h2>\n\t\t\t\t\tNuestra Misi\u00f3n\n\t\t\t\t<\/h2>\n\t\t\t<p>En Innova Concreto, nos comprometemos a ofrecer soluciones innovadoras en instalaci\u00f3n de pisos de concreto, fusionando m\u00e1s de dos d\u00e9cadas de experiencia con un enfoque centrado en la durabilidad, la est\u00e9tica y la resistencia. Nuestro profesionalismo y dedicaci\u00f3n al cliente nos distinguen, permiti\u00e9ndonos superar expectativas y crear espacios excepcionales que perduran en el tiempo.<\/p>\n\t\t\t\t<img decoding=\"async\" src=\"https:\/\/innovaconcreto.com.mx\/wp-content\/uploads\/2023\/11\/logo_innova_concreto_001as.png\" alt=\"logo_innova_concreto_001as\" itemprop=\"image\"\/>\n\t<h4>\n\t\t\t\t\tContamos con m\u00e1s de 20 a\u00f1os de experiencia\n\t\t\t\t<\/h4>\n\t\t\t<p>Durante este tiempo, hemos atendido diversos tipos y tama\u00f1os de clientes, desde particulares hasta corporativos que requieren de soluciones inteligentes para la instalaci\u00f3n de pisos. Contamos con el respaldo y conocimiento para que tu proyecto sea exitoso.<\/p>\n\t<h4>\n\t\t\t\t\tValores\n\t\t\t\t<\/h4>\n\t\t\t<p>En Innova concreto nos distinguimos por:<\/p>\n\t<ul>\n\t\t<li>\t\t\t\t\n\t\t<h5>Calidez humana<\/h5><\/li><li>\t\t\t\t\n\t\t<h5>Trabajo en equipo<\/h5><\/li><li>\t\t\t\t\n\t\t<h5>Honestidad y seriedad<\/h5><\/li><li>\t\t\t\t\n\t\t<h5>Calidad: tiempo y forma<\/h5><\/li>\t<\/ul>\n\n","protected":false},"excerpt":{"rendered":"<p>\u00bfQui\u00e9nes somos? Especialistas en instalaci\u00f3n profesional de pisos de concreto. Nuestra Misi\u00f3n En Innova Concreto, nos comprometemos a ofrecer soluciones innovadoras en instalaci\u00f3n de pisos de concreto, fusionando m\u00e1s de dos d\u00e9cadas de experiencia con un enfoque centrado en la durabilidad, la est\u00e9tica y la resistencia. Nuestro profesionalismo y dedicaci\u00f3n al cliente nos distinguen, permiti\u00e9ndonos [&hellip;]<\/p>\n","protected":false},"author":1,"featured_media":0,"parent":0,"menu_order":0,"comment_status":"closed","ping_status":"closed","template":"","meta":{"site-sidebar-layout":"no-sidebar","site-content-layout":"page-builder","ast-site-content-layout":"default","site-content-style":"default","site-sidebar-style":"default","ast-global-header-display":"","ast-banner-title-visibility":"","ast-main-header-display":"","ast-hfb-above-header-display":"","ast-hfb-below-header-display":"","ast-hfb-mobile-header-display":"","site-post-title":"disabled","ast-breadcrumbs-content":"","ast-featured-img":"disabled","footer-sml-layout":"","ast-disable-related-posts":"","theme-transparent-header-meta":"enabled","adv-header-id-meta":"","stick-header-meta":"","header-above-stick-meta":"","header-main-stick-meta":"","header-below-stick-meta":"","astra-migrate-meta-layouts":"default","ast-page-background-enabled":"default","ast-page-background-meta":{"desktop":{"background-color":"","background-image":"","background-repeat":"repeat","background-position":"center center","background-size":"auto","background-attachment":"scroll","background-type":"","background-media":"","overlay-type":"","overlay-color":"","overlay-opacity":"","overlay-gradient":""},"tablet":{"background-color":"","background-image":"","background-repeat":"repeat","background-position":"center center","background-size":"auto","background-attachment":"scroll","background-type":"","background-media":"","overlay-type":"","overlay-color":"","overlay-opacity":"","overlay-gradient":""},"mobile":{"background-color":"","background-image":"","background-repeat":"repeat","background-position":"center center","background-size":"auto","background-attachment":"scroll","background-type":"","background-media":"","overlay-type":"","overlay-color":"","overlay-opacity":"","overlay-gradient":""}},"ast-content-background-meta":{"desktop":{"background-color":"var(--ast-global-color-5)","background-image":"","background-repeat":"repeat","background-position":"center center","background-size":"auto","background-attachment":"scroll","background-type":"","background-media":"","overlay-type":"","overlay-color":"","overlay-opacity":"","overlay-gradient":""},"tablet":{"background-color":"var(--ast-global-color-5)","background-image":"","background-repeat":"repeat","background-position":"center center","background-size":"auto","background-attachment":"scroll","background-type":"","background-media":"","overlay-type":"","overlay-color":"","overlay-opacity":"","overlay-gradient":""},"mobile":{"background-color":"var(--ast-global-color-5)","background-image":"","background-repeat":"repeat","background-position":"center center","background-size":"auto","background-attachment":"scroll","background-type":"","background-media":"","overlay-type":"","overlay-color":"","overlay-opacity":"","overlay-gradient":""}},"footnotes":""},"class_list":["post-435","page","type-page","status-publish","hentry"],"_links":{"self":[{"href":"https:\/\/innovaconcreto.com.mx\/index.php\/wp-json\/wp\/v2\/pages\/435","targetHints":{"allow":["GET"]}}],"collection":[{"href":"https:\/\/innovaconcreto.com.mx\/index.php\/wp-json\/wp\/v2\/pages"}],"about":[{"href":"https:\/\/innovaconcreto.com.mx\/index.php\/wp-json\/wp\/v2\/types\/page"}],"author":[{"embeddable":true,"href":"https:\/\/innovaconcreto.com.mx\/index.php\/wp-json\/wp\/v2\/users\/1"}],"replies":[{"embeddable":true,"href":"https:\/\/innovaconcreto.com.mx\/index.php\/wp-json\/wp\/v2\/comments?post=435"}],"version-history":[{"count":6,"href":"https:\/\/innovaconcreto.com.mx\/index.php\/wp-json\/wp\/v2\/pages\/435\/revisions"}],"predecessor-version":[{"id":574,"href":"https:\/\/innovaconcreto.com.mx\/index.php\/wp-json\/wp\/v2\/pages\/435\/revisions\/574"}],"wp:attachment":[{"href":"https:\/\/innovaconcreto.com.mx\/index.php\/wp-json\/wp\/v2\/media?parent=435"}],"curies":[{"name":"wp","href":"https:\/\/api.w.org\/{rel}","templated":true}]}}