{"id":271,"date":"2018-11-27T09:16:54","date_gmt":"2018-11-27T09:16:54","guid":{"rendered":"https:\/\/innovaconcreto.com.mx\/index.php\/home\/"},"modified":"2026-02-13T01:04:52","modified_gmt":"2026-02-13T01:04:52","slug":"home","status":"publish","type":"page","link":"https:\/\/innovaconcreto.com.mx\/","title":{"rendered":"Home"},"content":{"rendered":"\n\n\t\t\t<h4>\n\t\t\t\t\tBienvenidos a nuestra p\u00e1gina\n\t\t\t\t<\/h4>\n\t\t\t<p><img loading=\"lazy\" decoding=\"async\" src=\"https:\/\/innovaconcreto.com.mx\/wp-content\/uploads\/2023\/10\/Innovaconcretologo_web001.png\" alt=\"\" width=\"180\" height=\"60\" \/><\/p>\n\t\t\t<h1>\n\t\t\t\t\tPISOS DE CONCRETO\n\t\t\t\t<\/h1>\n\t\t\t<p><strong>Desde hace 24 a\u00f1os, construyendo e instalando pisos.<\/strong><\/p>\n\t\t\t<a href=\"#\" target=\"_self\"  role=\"button\">\n\t\t\t\t\t\tCONOCER M\u00c1S\n\t\t<\/a>\n<h2>\n\t\t\tCONOCE NUESTRO TRABAJO\t<\/h2>\n\t\t<meta itemprop=\"url\" content=\"https:\/\/innovaconcreto.com.mx\/wp-content\/uploads\/2024\/04\/Video-Innova-Textos-22-abr-24-ok.m4v\" \/><div style=\"width: 640px;\" class=\"wp-video\"><video muted class=\"wp-video-shortcode\" id=\"video-271-1\" width=\"640\" height=\"360\" autoplay preload=\"metadata\" controls=\"controls\"><source type=\"video\/mp4\" src=\"https:\/\/innovaconcreto.com.mx\/wp-content\/uploads\/2024\/04\/Video-Innova-Textos-22-abr-24-ok.m4v?_=1\" \/><source type=\"video\/mp4\" src=\"https:\/\/innovaconcreto.com.mx\/wp-content\/uploads\/2024\/04\/Video-Innova-Textos-22-abr-24-ok.m4v?_=1\" \/><a href=\"https:\/\/innovaconcreto.com.mx\/wp-content\/uploads\/2024\/04\/Video-Innova-Textos-22-abr-24-ok.m4v\">https:\/\/innovaconcreto.com.mx\/wp-content\/uploads\/2024\/04\/Video-Innova-Textos-22-abr-24-ok.m4v<\/a><\/video><\/div>\t\n\t\t\t<h2>\n\t\t\t\t\tESPECIALISTAS EN INSTALACI\u00d3N PROFESIONAL DE PISOS, RESIDENCIALES, COMERCIALES, INDUSTRIALES, CORPORATIVOS, ESPECIALIZADOS.\n\t\t\t\t<\/h2>\n\t\t\t\t<img decoding=\"async\" src=\"https:\/\/innovaconcreto.com.mx\/wp-content\/uploads\/2023\/11\/trabajador001a.jpg\" alt=\"trabajador001a\" itemprop=\"image\"\/>\n\t\t\t<h5>\n\t\t\t\t\t\u00bfPor qu\u00e9 usar concreto?\n\t\t\t\t<\/h5>\n\t\t\t<p>Sin duda, la relaci\u00f3n de costo y beneficio que se obtiene, de la instalaci\u00f3n de estos pisos, se puede observar en su mantenimiento, durabilidad y tambi\u00e9n acabados.<\/p>\n\t\t\t<a href=\"https:\/\/innovaconcreto.com.mx\/index.php\/servicios\/\" target=\"_self\"  role=\"button\">\n\t\t\t\t\t\tM\u00c1S INFORMACI\u00d3N\n\t\t<\/a>\n\t\t\t\t<img decoding=\"async\" src=\"https:\/\/innovaconcreto.com.mx\/wp-content\/uploads\/2023\/11\/piso_ic_004b.jpg\" alt=\"piso_ic_004b\" itemprop=\"image\"\/>\n\t\t\t<h5>\n\t\t\t\t\tDurabilidad a toda prueba\n\t\t\t\t<\/h5>\n\t\t\t<p>A\u00fan para los usos m\u00e1s demandantes, en todo tipo de industrias y de cargas, nuestros pisos garantizan su inversi\u00f3n.<\/p>\n\t\t\t<a href=\"https:\/\/innovaconcreto.com.mx\/index.php\/servicios\/\" target=\"_self\"  role=\"button\">\n\t\t\t\t\t\tM\u00c1S INFORMACI\u00d3N\n\t\t<\/a>\n\t\t\t<h2>\n\t\t\t\t\tSOLUCIONES PARA LA INDUSTRIA\n\t\t\t\t<\/h2>\n\t\t\t<p>Conoce los tipos de terminados que tenemos segun tus necesidades; superficies altamente resistentes con m\u00e1rgenes estrictos de planicidad, aptas para ingenier\u00eda mec\u00e1nica, industrias que utilizan herramientas de precisi\u00f3n y otros.<\/p>\n\t\t\t<a href=\"https:\/\/innovaconcreto.com.mx\/index.php\/servicios\/\" target=\"_self\"  role=\"button\">\n\t\t\t\t\t\tM\u00c1S INFORMACI\u00d3N\n\t\t<\/a>\n\t\t\t<h2>\n\t\t\t\t\tPISOS INDUSTRIALES DE CONCRETO\n\t\t\t\t<\/h2>\n\t\t\t<p>Son superficies dise\u00f1adas para soportar condiciones especiales, como alto flujo de montacargas, resistentes al desgaste y a la suciedad, con larga vida \u00fatil y poco mantenimiento.<\/p>\n\t\t\t<a href=\"#\" target=\"_self\"  role=\"button\">\n\t\t\t\t\t\tCotiza tu proyecto\n\t\t<\/a>\n\t\t\t\t<img decoding=\"async\" src=\"https:\/\/innovaconcreto.com.mx\/wp-content\/uploads\/2023\/11\/piso_ic_nosotros011.jpg\" alt=\"piso_ic_nosotros011\" itemprop=\"image\"\/>\n\t\t\t\t<img decoding=\"async\" src=\"https:\/\/innovaconcreto.com.mx\/wp-content\/uploads\/2023\/11\/piso_ic_nosotros013.jpg\" alt=\"piso_ic_nosotros013\" itemprop=\"image\"\/>\n\t\t\t\t<img decoding=\"async\" src=\"https:\/\/innovaconcreto.com.mx\/wp-content\/uploads\/2023\/11\/piso_ic_nosotros012.jpg\" alt=\"piso_ic_nosotros012\" itemprop=\"image\"\/>\n\t\t\t\t<img decoding=\"async\" src=\"https:\/\/innovaconcreto.com.mx\/wp-content\/uploads\/2023\/11\/piso_ic_nosotros014.jpg\" alt=\"piso_ic_nosotros014\" itemprop=\"image\"\/>\n\t\t<h2>\n\t\t\tCLIENTES QUE HAN CONFIADO EN NUESTRO TRABAJO\t<\/h2>\n<figure itemscope itemtype=\"https:\/\/schema.org\/ImageObject\">\n\t\t\t\t<img decoding=\"async\" src=\"https:\/\/innovaconcreto.com.mx\/wp-content\/uploads\/2024\/07\/logo_guardian01.jpg\" alt=\"logo_guardian01\" height=\"200\" width=\"560\" title=\"logo_guardian01\" onerror=\"this.style.display='none'\" loading=\"lazy\" \/>\n\t<\/figure>\n<figure itemscope itemtype=\"https:\/\/schema.org\/ImageObject\">\n\t\t\t\t<img decoding=\"async\" src=\"https:\/\/innovaconcreto.com.mx\/wp-content\/uploads\/2024\/07\/logo_alttahomes01.jpg\" alt=\"logo_alttahomes01\" height=\"200\" width=\"560\" title=\"logo_alttahomes01\" onerror=\"this.style.display='none'\" loading=\"lazy\" \/>\n\t<\/figure>\n<figure itemscope itemtype=\"https:\/\/schema.org\/ImageObject\">\n\t\t\t\t<img decoding=\"async\" src=\"https:\/\/innovaconcreto.com.mx\/wp-content\/uploads\/2024\/07\/logo_bombardier01.jpg\" alt=\"logo_bombardier01\" height=\"200\" width=\"560\" title=\"logo_bombardier01\" onerror=\"this.style.display='none'\" loading=\"lazy\" \/>\n\t<\/figure>\n<figure itemscope itemtype=\"https:\/\/schema.org\/ImageObject\">\n\t\t\t\t<img decoding=\"async\" src=\"https:\/\/innovaconcreto.com.mx\/wp-content\/uploads\/2024\/07\/logo_arkansas01.jpg\" alt=\"logo_arkansas01\" height=\"200\" width=\"560\" title=\"logo_arkansas01\" onerror=\"this.style.display='none'\" loading=\"lazy\" \/>\n\t<\/figure>\n<figure itemscope itemtype=\"https:\/\/schema.org\/ImageObject\">\n\t\t\t\t<img decoding=\"async\" src=\"https:\/\/innovaconcreto.com.mx\/wp-content\/uploads\/2024\/07\/logo_sancristobal01.jpg\" alt=\"logo_sancristobal01\" height=\"200\" width=\"560\" title=\"logo_sancristobal01\" onerror=\"this.style.display='none'\" loading=\"lazy\" \/>\n\t<\/figure>\n<figure itemscope itemtype=\"https:\/\/schema.org\/ImageObject\">\n\t\t\t\t<img decoding=\"async\" src=\"https:\/\/innovaconcreto.com.mx\/wp-content\/uploads\/2024\/07\/logo_sadasi01.jpg\" alt=\"logo_sadasi01\" height=\"200\" width=\"560\" title=\"logo_sadasi01\" onerror=\"this.style.display='none'\" loading=\"lazy\" \/>\n\t<\/figure>\n<figure itemscope itemtype=\"https:\/\/schema.org\/ImageObject\">\n\t\t\t\t<img decoding=\"async\" src=\"https:\/\/innovaconcreto.com.mx\/wp-content\/uploads\/2024\/07\/logo_acsa01.jpg\" alt=\"logo_acsa01\" height=\"200\" width=\"560\" title=\"logo_acsa01\" onerror=\"this.style.display='none'\" loading=\"lazy\" \/>\n\t<\/figure>\n<figure itemscope itemtype=\"https:\/\/schema.org\/ImageObject\">\n\t\t\t\t<img decoding=\"async\" src=\"https:\/\/innovaconcreto.com.mx\/wp-content\/uploads\/2024\/07\/logo_momentum01.jpg\" alt=\"logo_momentum01\" height=\"200\" width=\"560\" title=\"logo_momentum01\" onerror=\"this.style.display='none'\" loading=\"lazy\" \/>\n\t<\/figure>\n<figure itemscope itemtype=\"https:\/\/schema.org\/ImageObject\">\n\t\t\t\t<img decoding=\"async\" src=\"https:\/\/innovaconcreto.com.mx\/wp-content\/uploads\/2024\/07\/logo_campanario01.jpg\" alt=\"logo_campanario01\" height=\"200\" width=\"560\" title=\"logo_campanario01\" onerror=\"this.style.display='none'\" loading=\"lazy\" \/>\n\t<\/figure>\n<figure itemscope itemtype=\"https:\/\/schema.org\/ImageObject\">\n\t\t\t\t<img decoding=\"async\" src=\"https:\/\/innovaconcreto.com.mx\/wp-content\/uploads\/2024\/07\/logo_colgatepalmolive01.jpg\" alt=\"logo_colgatepalmolive01\" height=\"200\" width=\"560\" title=\"logo_colgatepalmolive01\" onerror=\"this.style.display='none'\" loading=\"lazy\" \/>\n\t<\/figure>\n<figure itemscope itemtype=\"https:\/\/schema.org\/ImageObject\">\n\t\t\t\t<img decoding=\"async\" src=\"https:\/\/innovaconcreto.com.mx\/wp-content\/uploads\/2024\/07\/logo_copachisa01.jpg\" alt=\"logo_copachisa01\" height=\"200\" width=\"560\" title=\"logo_copachisa01\" onerror=\"this.style.display='none'\" loading=\"lazy\" \/>\n\t<\/figure>\n<figure itemscope itemtype=\"https:\/\/schema.org\/ImageObject\">\n\t\t\t\t<img decoding=\"async\" src=\"https:\/\/innovaconcreto.com.mx\/wp-content\/uploads\/2024\/07\/logo_QIS01.jpg\" alt=\"logo_QIS01\" height=\"200\" width=\"560\" title=\"logo_QIS01\" onerror=\"this.style.display='none'\" loading=\"lazy\" \/>\n\t<\/figure>\n\n","protected":false},"excerpt":{"rendered":"<p>Bienvenidos a nuestra p\u00e1gina PISOS DE CONCRETO Desde hace 24 a\u00f1os, construyendo e instalando pisos. CONOCER M\u00c1S CONOCE NUESTRO TRABAJO ESPECIALISTAS EN INSTALACI\u00d3N PROFESIONAL DE PISOS, RESIDENCIALES, COMERCIALES, INDUSTRIALES, CORPORATIVOS, ESPECIALIZADOS. \u00bfPor qu\u00e9 usar concreto? Sin duda, la relaci\u00f3n de costo y beneficio que se obtiene, de la instalaci\u00f3n de estos pisos, se puede observar [&hellip;]<\/p>\n","protected":false},"author":1,"featured_media":0,"parent":0,"menu_order":0,"comment_status":"closed","ping_status":"closed","template":"","meta":{"site-sidebar-layout":"no-sidebar","site-content-layout":"page-builder","ast-site-content-layout":"full-width-container","site-content-style":"unboxed","site-sidebar-style":"unboxed","ast-global-header-display":"","ast-banner-title-visibility":"","ast-main-header-display":"","ast-hfb-above-header-display":"","ast-hfb-below-header-display":"","ast-hfb-mobile-header-display":"","site-post-title":"disabled","ast-breadcrumbs-content":"","ast-featured-img":"disabled","footer-sml-layout":"","ast-disable-related-posts":"","theme-transparent-header-meta":"enabled","adv-header-id-meta":"","stick-header-meta":"","header-above-stick-meta":"","header-main-stick-meta":"","header-below-stick-meta":"","astra-migrate-meta-layouts":"set","ast-page-background-enabled":"default","ast-page-background-meta":{"desktop":{"background-color":"","background-image":"","background-repeat":"repeat","background-position":"center center","background-size":"auto","background-attachment":"scroll","background-type":"","background-media":"","overlay-type":"","overlay-color":"","overlay-opacity":"","overlay-gradient":""},"tablet":{"background-color":"","background-image":"","background-repeat":"repeat","background-position":"center center","background-size":"auto","background-attachment":"scroll","background-type":"","background-media":"","overlay-type":"","overlay-color":"","overlay-opacity":"","overlay-gradient":""},"mobile":{"background-color":"","background-image":"","background-repeat":"repeat","background-position":"center center","background-size":"auto","background-attachment":"scroll","background-type":"","background-media":"","overlay-type":"","overlay-color":"","overlay-opacity":"","overlay-gradient":""}},"ast-content-background-meta":{"desktop":{"background-color":"var(--ast-global-color-5)","background-image":"","background-repeat":"repeat","background-position":"center center","background-size":"auto","background-attachment":"scroll","background-type":"","background-media":"","overlay-type":"","overlay-color":"","overlay-opacity":"","overlay-gradient":""},"tablet":{"background-color":"var(--ast-global-color-5)","background-image":"","background-repeat":"repeat","background-position":"center center","background-size":"auto","background-attachment":"scroll","background-type":"","background-media":"","overlay-type":"","overlay-color":"","overlay-opacity":"","overlay-gradient":""},"mobile":{"background-color":"var(--ast-global-color-5)","background-image":"","background-repeat":"repeat","background-position":"center center","background-size":"auto","background-attachment":"scroll","background-type":"","background-media":"","overlay-type":"","overlay-color":"","overlay-opacity":"","overlay-gradient":""}},"footnotes":""},"class_list":["post-271","page","type-page","status-publish","hentry"],"_links":{"self":[{"href":"https:\/\/innovaconcreto.com.mx\/index.php\/wp-json\/wp\/v2\/pages\/271","targetHints":{"allow":["GET"]}}],"collection":[{"href":"https:\/\/innovaconcreto.com.mx\/index.php\/wp-json\/wp\/v2\/pages"}],"about":[{"href":"https:\/\/innovaconcreto.com.mx\/index.php\/wp-json\/wp\/v2\/types\/page"}],"author":[{"embeddable":true,"href":"https:\/\/innovaconcreto.com.mx\/index.php\/wp-json\/wp\/v2\/users\/1"}],"replies":[{"embeddable":true,"href":"https:\/\/innovaconcreto.com.mx\/index.php\/wp-json\/wp\/v2\/comments?post=271"}],"version-history":[{"count":11,"href":"https:\/\/innovaconcreto.com.mx\/index.php\/wp-json\/wp\/v2\/pages\/271\/revisions"}],"predecessor-version":[{"id":589,"href":"https:\/\/innovaconcreto.com.mx\/index.php\/wp-json\/wp\/v2\/pages\/271\/revisions\/589"}],"wp:attachment":[{"href":"https:\/\/innovaconcreto.com.mx\/index.php\/wp-json\/wp\/v2\/media?parent=271"}],"curies":[{"name":"wp","href":"https:\/\/api.w.org\/{rel}","templated":true}]}}